{"id":1347,"date":"2022-05-26T08:02:09","date_gmt":"2022-05-26T08:02:09","guid":{"rendered":"https:\/\/hotellerv5.themegoods.com\/modern\/?page_id=1347"},"modified":"2024-03-13T09:20:06","modified_gmt":"2024-03-13T09:20:06","slug":"terms-conditions","status":"publish","type":"page","link":"https:\/\/gasthof-zum-ritter.de\/en\/terms-conditions\/","title":{"rendered":"Impressum"},"content":{"rendered":"<div data-elementor-type=\"wp-page\" data-elementor-id=\"1347\" class=\"elementor elementor-1347\">\n\t\t\t\t\t\t<section class=\"elementor-section elementor-top-section elementor-element elementor-element-1d438dad elementor-section-boxed elementor-section-height-default elementor-section-height-default wpr-particle-no wpr-jarallax-no wpr-parallax-no wpr-sticky-section-no magic-button-disabled-no wpr-equal-height-no\" data-id=\"1d438dad\" data-element_type=\"section\" data-settings=\"{&quot;hoteller_ext_is_background_parallax&quot;:&quot;false&quot;,&quot;hoteller_ext_is_background_on_scroll&quot;:&quot;false&quot;}\">\n\t\t\t\t\t\t<div class=\"elementor-container elementor-column-gap-default\">\n\t\t\t\t\t<div class=\"elementor-column elementor-col-100 elementor-top-column elementor-element elementor-element-1489d531\" data-id=\"1489d531\" data-element_type=\"column\" data-settings=\"{&quot;hoteller_ext_link_sidemenu&quot;:&quot;false&quot;,&quot;hoteller_ext_link_fullmenu&quot;:&quot;false&quot;,&quot;hoteller_ext_link_closed_fullmenu&quot;:&quot;false&quot;,&quot;hoteller_ext_is_scrollme&quot;:&quot;false&quot;,&quot;hoteller_ext_is_smoove&quot;:&quot;false&quot;,&quot;hoteller_ext_is_parallax_mouse&quot;:&quot;false&quot;,&quot;hoteller_ext_is_infinite&quot;:&quot;false&quot;,&quot;hoteller_ext_is_fadeout_animation&quot;:&quot;false&quot;,&quot;hoteller_ext_mobile_static&quot;:&quot;false&quot;}\">\n\t\t\t<div class=\"elementor-widget-wrap elementor-element-populated\">\n\t\t\t\t\t\t<div class=\"elementor-element elementor-element-498fa514 elementor-widget__width-initial elementor-widget elementor-widget-text-editor\" data-id=\"498fa514\" data-element_type=\"widget\" data-settings=\"{&quot;hoteller_ext_link_sidemenu&quot;:&quot;false&quot;,&quot;hoteller_ext_link_fullmenu&quot;:&quot;false&quot;,&quot;hoteller_ext_link_closed_fullmenu&quot;:&quot;false&quot;,&quot;hoteller_ext_is_scrollme&quot;:&quot;false&quot;,&quot;hoteller_ext_is_smoove&quot;:&quot;false&quot;,&quot;hoteller_ext_is_parallax_mouse&quot;:&quot;false&quot;,&quot;hoteller_ext_is_infinite&quot;:&quot;false&quot;,&quot;hoteller_ext_is_fadeout_animation&quot;:&quot;false&quot;,&quot;hoteller_ext_mobile_static&quot;:&quot;false&quot;}\" data-widget_type=\"text-editor.default\">\n\t\t\t\t<div class=\"elementor-widget-container\">\n\t\t\t\t\t\t\t\t\t<div class=\"section-710 wf-section\">\n<div class=\"container-16 w-container\">\n<h5 class=\"heading-11\">Anschrift<\/h5>\n<p class=\"paragraph-8\">Zum Ritter &#8211; Gasthof und Biergarten<\/p>\n<p><span class=\"LrzXr\">Bertholdstra\u00dfe 8<\/span><br \/><span class=\"LrzXr\">89079 Ulm-G\u00f6gglingen<\/span><\/p>\n<p class=\"paragraph-8\"><br \/><br \/>Telefon\u00a0 0049 (0)7305 178 233 5<\/p>\n<p class=\"paragraph-8\">E-Mail: info@gasthof-zum-ritter.de<\/p>\n<p class=\"paragraph-8\">Website: www.safranberg-hotel.de<\/p>\n<h5>\u00a0<\/h5>\n<h5 class=\"heading-11\">Inhaber (Verantwortlich f\u00fcr den Inhalt)<\/h5>\n<p class=\"paragraph-8\">Florian Scheerer<br \/><br \/><\/p>\n<p>\u00a0<\/p>\n<h5 class=\"heading-11\">Haftungshinweis<\/h5>\n<p class=\"paragraph-8\">Trotz sorgf\u00e4ltiger inhaltlicher Kontrolle \u00fcbernehmen wir keine Haftung f\u00fcr die Inhalte externer Links. F\u00fcr den Inhalt und die Gestaltung der verlinkten Seiten sind ausschlie\u00dflich deren Betreiber verantwortlich.<\/p>\n<h5>\u00a0<\/h5>\n<h5 class=\"heading-11\">Datenschutzhinweise<\/h5>\n<p class=\"paragraph-8\">Pers\u00f6nliche Daten werden nur im technisch notwendigen Umfang und zwecks Webanalyse erhoben.\u00a0Per Kontaktformular oder E-Mail an das Ulmer M\u00fcnster Hotel gesendete Daten werden gespeichert. Diese Daten sind Dritten nicht zug\u00e4nglich, in keinem Fall werden sie verkauft oder zu anderen Zwecken als den genannten weitergegeben.<\/p>\n<h5>\u00a0<\/h5>\n<h5 class=\"heading-11\">Copyright<\/h5>\n<p class=\"paragraph-8\">S\u00e4mtliche Fotos, Logos und Texte auf diesen Seiten sind Eigentum von Florian Scheerer. Die Vervielf\u00e4ltigung und\/oder die Weiterverbreitung von hier zur Verf\u00fcgung gestellten Inhalten in jeglicher Form bed\u00fcrfen der schriftlichen Genehmigung von Florian Scheerer.<\/p>\n<h5>\u00a0<\/h5>\n<h5 class=\"heading-11\">Design und Programmierung<\/h5>\n<p class=\"paragraph-8\">DANNERDESIGN &#8211; Julian Danner &#8211; www.dannerdesign.de<\/p>\n<\/div>\n<h5>\u00a0<\/h5>\n<h5 class=\"heading-11\">Fotos<\/h5>\n<p class=\"paragraph-8\">DANNERDESIGN &#8211; Julian Danner &#8211; www.dannerdesign.de<\/p>\n<\/div>\n\t\t\t\t\t\t\t\t<\/div>\n\t\t\t\t<\/div>\n\t\t\t\t\t<\/div>\n\t\t<\/div>\n\t\t\t\t\t<\/div>\n\t\t<\/section>\n\t\t\t\t<\/div>","protected":false},"excerpt":{"rendered":"<p>Anschrift Zum Ritter &#8211; Gasthof und Biergarten Bertholdstra\u00dfe 889079 Ulm-G\u00f6gglingen Telefon\u00a0 0049 (0)7305 178 233 5 E-Mail: info@gasthof-zum-ritter.de Website: www.safranberg-hotel.de \u00a0 Inhaber (Verantwortlich f\u00fcr den Inhalt) Florian Scheerer \u00a0 Haftungshinweis Trotz sorgf\u00e4ltiger inhaltlicher Kontrolle \u00fcbernehmen wir keine Haftung f\u00fcr die<\/p>","protected":false},"author":1,"featured_media":0,"parent":0,"menu_order":0,"comment_status":"closed","ping_status":"closed","template":"","meta":{"footnotes":""},"_links":{"self":[{"href":"https:\/\/gasthof-zum-ritter.de\/en\/wp-json\/wp\/v2\/pages\/1347"}],"collection":[{"href":"https:\/\/gasthof-zum-ritter.de\/en\/wp-json\/wp\/v2\/pages"}],"about":[{"href":"https:\/\/gasthof-zum-ritter.de\/en\/wp-json\/wp\/v2\/types\/page"}],"author":[{"embeddable":true,"href":"https:\/\/gasthof-zum-ritter.de\/en\/wp-json\/wp\/v2\/users\/1"}],"replies":[{"embeddable":true,"href":"https:\/\/gasthof-zum-ritter.de\/en\/wp-json\/wp\/v2\/comments?post=1347"}],"version-history":[{"count":10,"href":"https:\/\/gasthof-zum-ritter.de\/en\/wp-json\/wp\/v2\/pages\/1347\/revisions"}],"predecessor-version":[{"id":1856,"href":"https:\/\/gasthof-zum-ritter.de\/en\/wp-json\/wp\/v2\/pages\/1347\/revisions\/1856"}],"wp:attachment":[{"href":"https:\/\/gasthof-zum-ritter.de\/en\/wp-json\/wp\/v2\/media?parent=1347"}],"curies":[{"name":"wp","href":"https:\/\/api.w.org\/{rel}","templated":true}]}}